{"id":180,"date":"2015-08-05T10:10:46","date_gmt":"2015-08-05T10:10:46","guid":{"rendered":"http:\/\/www.sanbos.com\/?page_id=180"},"modified":"2018-05-30T08:22:44","modified_gmt":"2018-05-30T08:22:44","slug":"impressum","status":"publish","type":"page","link":"https:\/\/www.sanbos.com\/en\/impressum\/","title":{"rendered":"IMPRESSUM"},"content":{"rendered":"<p><div class=\" vc_row wpb_row vc_row-fluid in_title  animated\" style=\"background-color:#fafcfe;padding: 192px 0 103px;\"><div class=\"container\"><div class=\"row\">\n\t<div class=\"vc_col-sm-12 wpb_column vc_column_container \">\n\t\t<div class=\"wpb_wrapper\">\n\t\t\t\n\t<div class=\"wpb_text_column wpb_content_element \">\n\t\t<div class=\"wpb_wrapper\">\n\t\t\t<div class=\"vt_in_title\">Impressum<\/div>\n\n\t\t<\/div> \n\t<\/div> \n\t\t<\/div> \n\t<\/div> \n<\/div><\/div><\/div><div class=\" vc_row wpb_row vc_row-fluid vt_in_block_bottum  animated\" style=\"background-color:#fafcfe;padding: 0 0 132px;\"><div class=\"container\"><div class=\"row\">\n\t<div class=\"vc_col-sm-12 wpb_column vc_column_container \">\n\t\t<div class=\"wpb_wrapper\">\n\t\t\t\n\t<div class=\"wpb_text_column wpb_content_element  vt_in_des wpb_animate_when_almost_visible wpb_top-to-bottom\">\n\t\t<div class=\"wpb_wrapper\">\n\t\t\t<div class=\"wpb_text_column wpb_content_element  vt_in_des wpb_animate_when_almost_visible wpb_top-to-bottom wpb_start_animation\">\n<div class=\"wpb_wrapper\">\n<h1>Site Notice<\/h1>\n<h2>Information provided according to Sec. 5 German Telemedia Act (TMG):<\/h2>\n<p>SANBOS GmbH<br \/>\nGeraer Str. 14<br \/>\n06712 Drossdorf<\/p>\n<h2>Represented by:<\/h2>\n<p>Gesch\u00e4ftsf\u00fchrer: J\u00f6rg Meyer<\/p>\n<h2>Contact:<\/h2>\n<p>Telephone: +49 (0) 3441 539873<br \/>\nTelefax: +49 (0) 3441 539874<br \/>\nEmail: info@sanbos.com<\/p>\n<h2>Register entry:<\/h2>\n<p>Entry in the Handelsregister.<br \/>\nRegistering court:Amtsgericht Stendal<br \/>\nRegistration number: HRB 215552<\/p>\n<h2>VAT:<\/h2>\n<p>VAT Id number according to Sec. 27 a German Value Added Tax Act:<br \/>\nDE 247122517<\/p>\n<h2>Dispute resolution<\/h2>\n<p>The European Commission provides a platform for online dispute resolution (OS):\u00a0<a href=\"https:\/\/ec.europa.eu\/consumers\/odr\" target=\"_blank\" rel=\"noopener\">https:\/\/ec.europa.eu\/consumers\/odr<\/a>.<br \/>\nPlease find our email in the impressum\/legal notice.<\/p>\n<p>&nbsp;<\/p>\n<p>We do not take part in online dispute resolutions at consumer arbitration boards.<\/p>\n<h3>Liability for Contents<\/h3>\n<p>As service providers, we are liable for own contents of these websites according to Sec. 7, paragraph 1 German Telemedia Act (TMG). However, according to Sec. 8 to 10 German Telemedia Act (TMG), service providers are not obligated to permanently monitor submitted or stored information or to search for evidences that indicate illegal activities.<\/p>\n<p>Legal obligations to removing information or to blocking the use of information remain unchallenged. In this case, liability is only possible at the time of knowledge about a specific violation of law. Illegal contents will be removed immediately at the time we get knowledge of them.<\/p>\n<h3>Liability for Links<\/h3>\n<p>Our offer includes links to external third party websites. We have no influence on the contents of those websites, therefore we cannot guarantee for those contents. Providers or administrators of linked websites are always responsible for their own contents.<\/p>\n<p>The linked websites had been checked for possible violations of law at the time of the establishment of the link. Illegal contents were not detected at the time of the linking. A permanent monitoring of the contents of linked websites cannot be imposed without reasonable indications that there has been a violation of law. Illegal links will be removed immediately at the time we get knowledge of them.<\/p>\n<h3>Copyright<\/h3>\n<p>Contents and compilations published on these websites by the providers are subject to German copyright laws. Reproduction, editing, distribution as well as the use of any kind outside the scope of the copyright law require a written permission of the author or originator. Downloads and copies of these websites are permitted for private use only.<br \/>\nThe commercial use of our contents without permission of the originator is prohibited.<\/p>\n<p>Copyright laws of third parties are respected as long as the contents on these websites do not originate from the provider. Contributions of third parties on this site are indicated as such. However, if you notice any violations of copyright law, please inform us. Such contents will be removed immediately.<\/p>\n<p>&nbsp;<\/p>\n<p>Design:<br \/>\nDesign- &amp; Kreativagentur TRANSMEDIAL<br \/>\nLeipziger Stra\u00dfe 4<br \/>\n06711 Zeitz<br \/>\nwww.transmedial.de<\/p>\n<p>Photo:<br \/>\nistockphoto.com<br \/>\nfotolia.com<\/p>\n<\/div>\n<\/div>\n<div class=\" vc_row wpb_row vc_row-fluid vt_in_block_bottum animated\">\n<div class=\"container\">\n<div class=\"row\"><\/div>\n<\/div>\n<\/div>\n<div class=\"vc_col-sm-12 wpb_column vc_column_container \">\n<div class=\"wpb_wrapper\"><\/div>\n<\/div>\n<div class=\"wpb_text_column wpb_content_element \">\n<div class=\"wpb_wrapper\">\n<p class=\"p1\"><span class=\"s1\">powered by\u00a0<a href=\"http:\/\/www.auftragsbearbeitung-warenwirtschaft-pps.de\/\"><span class=\"s2\">ERP-Software<\/span><\/a>\u00a0easyWinArt<\/span><\/p>\n<\/div>\n<\/div>\n\n\t\t<\/div> \n\t<\/div> \n\t\t<\/div> \n\t<\/div> \n<\/div><\/div><\/div><\/p>","protected":false},"excerpt":{"rendered":"Impressum Site Notice Information provided according to Sec. 5 German Telemedia Act (TMG): SANBOS GmbH Geraer Str. 14 06712 Drossdorf Represented by: Gesch\u00e4ftsf\u00fchrer: J\u00f6rg Meyer Contact: Telephone: +49 (0) 3441 539873 Telefax: +49 (0) 3441 539874 Email: info@sanbos.com Register entry: Entry in the Handelsregister. Registering court:Amtsgericht Stendal Registration number: HRB 215552 VAT: VAT Id number according to Sec. 27 a German Value Added Tax Act: DE 247122517 Dispute resolution The European Commission provides a platform for online dispute resolution (OS):\u00a0https:\/\/ec.europa.eu\/consumers\/odr. Please find our email in the impressum\/legal notice. &nbsp; We [...]","protected":false},"author":1,"featured_media":0,"parent":0,"menu_order":0,"comment_status":"open","ping_status":"closed","template":"home-page2-template.php","meta":{"footnotes":""},"class_list":["post-180","page","type-page","status-publish","hentry"],"aioseo_notices":[],"_links":{"self":[{"href":"https:\/\/www.sanbos.com\/en\/wp-json\/wp\/v2\/pages\/180","targetHints":{"allow":["GET"]}}],"collection":[{"href":"https:\/\/www.sanbos.com\/en\/wp-json\/wp\/v2\/pages"}],"about":[{"href":"https:\/\/www.sanbos.com\/en\/wp-json\/wp\/v2\/types\/page"}],"author":[{"embeddable":true,"href":"https:\/\/www.sanbos.com\/en\/wp-json\/wp\/v2\/users\/1"}],"replies":[{"embeddable":true,"href":"https:\/\/www.sanbos.com\/en\/wp-json\/wp\/v2\/comments?post=180"}],"version-history":[{"count":5,"href":"https:\/\/www.sanbos.com\/en\/wp-json\/wp\/v2\/pages\/180\/revisions"}],"predecessor-version":[{"id":1953,"href":"https:\/\/www.sanbos.com\/en\/wp-json\/wp\/v2\/pages\/180\/revisions\/1953"}],"wp:attachment":[{"href":"https:\/\/www.sanbos.com\/en\/wp-json\/wp\/v2\/media?parent=180"}],"curies":[{"name":"wp","href":"https:\/\/api.w.org\/{rel}","templated":true}]}}